{"id":4455,"date":"2020-09-09T21:04:30","date_gmt":"2020-09-09T21:04:30","guid":{"rendered":"https:\/\/www.expresarte.es\/?page_id=4455"},"modified":"2020-12-30T14:03:36","modified_gmt":"2020-12-30T14:03:36","slug":"politica-de-cookies","status":"publish","type":"page","link":"https:\/\/www.expresarte.es\/fr\/politica-de-cookies\/","title":{"rendered":"POL\u00cdTICA DE COOKIES"},"content":{"rendered":"<div data-elementor-type=\"wp-page\" data-elementor-id=\"4455\" class=\"elementor elementor-4455\">\n\t\t\t\t\t\t<section class=\"elementor-section elementor-top-section elementor-element elementor-element-ee6322f elementor-section-full_width elementor-section-height-default elementor-section-height-default\" data-id=\"ee6322f\" data-element_type=\"section\" data-settings=\"{&quot;background_background&quot;:&quot;classic&quot;}\">\n\t\t\t\t\t\t<div class=\"elementor-container elementor-column-gap-default\">\n\t\t\t\t\t<div class=\"elementor-column elementor-col-100 elementor-top-column elementor-element elementor-element-bd38aed\" data-id=\"bd38aed\" data-element_type=\"column\">\n\t\t\t<div class=\"elementor-widget-wrap elementor-element-populated\">\n\t\t\t\t\t\t<div class=\"elementor-element elementor-element-e6d9c96 elementor-widget elementor-widget-heading\" data-id=\"e6d9c96\" data-element_type=\"widget\" data-widget_type=\"heading.default\">\n\t\t\t\t<div class=\"elementor-widget-container\">\n\t\t\t\t\t<h2 class=\"elementor-heading-title elementor-size-default\">Politique en mati\u00e8re de cookies<\/h2>\t\t\t\t<\/div>\n\t\t\t\t<\/div>\n\t\t\t\t<div class=\"elementor-element elementor-element-8eafa9a elementor-widget elementor-widget-text-editor\" data-id=\"8eafa9a\" data-element_type=\"widget\" data-widget_type=\"text-editor.default\">\n\t\t\t\t<div class=\"elementor-widget-container\">\n\t\t\t\t\t\t\t\t\t<p>Conform\u00e9ment aux dispositions de l'article 22 de la loi 34\/2002, du 11 juillet, sur les services de la soci\u00e9t\u00e9 de l'information et du commerce \u00e9lectronique, le Propri\u00e9taire vous informe que ce site Web utilise des cookies, ainsi que sa politique de collecte et de traitement de ceux-ci.<\/p><p>\u00a0<\/p><p><strong>Que sont les cookies<\/strong><br \/>Un cookie est un fichier qui est d\u00e9pos\u00e9 par le navigateur sur votre ordinateur lorsque vous surfez sur Internet. Il s\u2019agit d\u2019un fichier texte g\u00e9n\u00e9r\u00e9 par le serveur du site web que vous visitez ou par le serveur d\u2019une application tierce (r\u00e9gie publicitaire, logiciel d\u2019analyse du trafic internet, etc.). Il ne pourra par la suite \u00eatre r\u00e9utilis\u00e9 que par le serveur qui l\u2019a d\u00e9pos\u00e9 en premier lieu.<\/p><p>\u00a0<\/p><p><strong>Types de cookies<\/strong><br \/>Vous trouverez ci-dessous une liste des types de cookies utilis\u00e9s par <a href=\"https:\/\/www.saberexpresarte.es\">https:\/\/www.expresarte.es<\/a> utiliza los siguientes tipos de cookies:<\/p><ul><li>Cookies d'analyse: Ce sont ceux qui permettent \u00e0 leur responsable de surveiller et d'analyser le comportement des utilisateurs des sites Web auxquels ils sont li\u00e9s. Les informations collect\u00e9es via ce type de cookies sont utilis\u00e9es dans la mesure de l'activit\u00e9 des sites Web, de l'application ou de la plateforme et pour l'\u00e9laboration de profils de navigation des utilisateurs desdits sites, applications et plateformes, afin d'introduire des am\u00e9liorations dans fonction de l'analyse des donn\u00e9es d'utilisation faites par les utilisateurs du service.<\/li><li>Cookies techniques: Ce sont ceux qui permettent \u00e0 l'utilisateur de naviguer dans une page Web, une plate-forme ou une application et d'utiliser les diff\u00e9rentes options ou services qui y existent, tels que, par exemple, contr\u00f4ler le trafic et la communication de donn\u00e9es.<br \/>Algunas cookies son esenciales para el funcionamiento del sitio Web, por ejemplo, el sistema de comentarios o el buscador.<\/li><li>Cookies de personnalisation: Ce sont ceux qui permettent \u00e0 l'utilisateur d'acc\u00e9der au service avec certaines caract\u00e9ristiques g\u00e9n\u00e9rales pr\u00e9d\u00e9finies en fonction d'une s\u00e9rie de crit\u00e8res dans le terminal de l'utilisateur, comme la langue, le type de navigateur par lequel il acc\u00e8de au service, la configuration r\u00e9gionale d'o\u00f9 vous acc\u00e9dez au service, etc.<\/li><\/ul><p><strong>Comment modifier les param\u00e8tres des cookies<\/strong><br \/>Vous pouvez \u00e0 tout moment choisir de vous opposer au d\u00e9p\u00f4t de cookies, ou les d\u00e9sactiver. Les param\u00e8tres par d\u00e9faut des navigateurs Internet sont habituellement r\u00e9gl\u00e9s de mani\u00e8re \u00e0 accepter les cookies. Vous pouvez changer ce r\u00e9glage en modifiant les param\u00e8tres de votre navigateur. Vous pouvez accepter ou refuser les cookies au cas par cas, selon leur site \u00e9metteur, ou bien les refuser syst\u00e9matiquement une fois pour toutes.<\/p><p>Si vous ne configurez pas cet acc\u00e8s, lors de l\u2019utilisation de ce site Web, l\u2019installation des cookies pr\u00e9vus sera effectu\u00e9e. Vous pouvez configurer votre navigateur pour restreindre, bloquer ou supprimer les cookies de SaberExpresarte.\n\nChaque navigateur \u00e9tant diff\u00e9rent, nous proposons les liens suivants entre lesquels vous pouvez trouver celui correspondant au v\u00f4tre:<\/p><ul><li>Firefox <a href=\"http:\/\/support.mozilla.org\/es\/kb\/habilitar-y-deshabilitar-cookies-que-los-sitios-we\">http:\/\/support.mozilla.org\/es\/kb\/habilitar-y-deshabilitar-cookies-que-los-sitios-we<\/a><\/li><li>Safari <a href=\"http:\/\/support.apple.com\/kb\/HT1677?viewlocale=es_ES\">http:\/\/support.apple.com\/kb\/HT1677?viewlocale=es_ES<\/a><\/li><li>Google Chrome <a href=\"https:\/\/support.google.com\/chrome\/answer\/95647?hl=es\">https:\/\/support.google.com\/chrome\/answer\/95647?hl=es<\/a><\/li><\/ul><p><strong>Cookies tiers<\/strong><br \/>El sitio Web utiliza los servicios de \u00abGoogle Analytics\u00bb que pueden instalar cookies que sirven para obtener estad\u00edsticas y datos publicitarios.<\/p><p>Ce sont ceux qui sont envoy\u00e9s \u00e0 l'\u00e9quipement terminal de l'utilisateur depuis un ordinateur ou un domaine qui n'est pas g\u00e9r\u00e9 par l'\u00e9diteur, mais par une autre entit\u00e9 qui traite les donn\u00e9es obtenues gr\u00e2ce aux cookies.<\/p><p>\u00a0<\/p><p><strong>Advertencia sobre eliminar cookies<\/strong><br \/>Puedes eliminar y bloquear las cookies de este sitio Web, pero parte del sitio no funcionar\u00e1 correctamente o su calidad puede verse afectada.<\/p><p>\u00a0<\/p><p><strong>CONTACTEZ<\/strong><br \/>Si vous avez des questions sur ces Politiques en mati\u00e8re de cookies ou si vous souhaitez faire des commentaires sur ce site Web, vous pouvez envoyer un courriel \u00e0 info@expresarte.es.<\/p>\t\t\t\t\t\t\t\t<\/div>\n\t\t\t\t<\/div>\n\t\t\t\t\t<\/div>\n\t\t<\/div>\n\t\t\t\t\t<\/div>\n\t\t<\/section>\n\t\t\t\t<section class=\"elementor-section elementor-top-section elementor-element elementor-element-42486ca elementor-section-stretched elementor-section-boxed elementor-section-height-default elementor-section-height-default\" data-id=\"42486ca\" data-element_type=\"section\" data-settings=\"{&quot;stretch_section&quot;:&quot;section-stretched&quot;,&quot;background_background&quot;:&quot;classic&quot;}\">\n\t\t\t\t\t\t<div class=\"elementor-container elementor-column-gap-default\">\n\t\t\t\t\t<div class=\"elementor-column elementor-col-33 elementor-top-column elementor-element elementor-element-89111b4\" data-id=\"89111b4\" data-element_type=\"column\">\n\t\t\t<div class=\"elementor-widget-wrap elementor-element-populated\">\n\t\t\t\t\t\t<div class=\"elementor-element elementor-element-6957094 elementor-widget elementor-widget-heading\" data-id=\"6957094\" data-element_type=\"widget\" data-widget_type=\"heading.default\">\n\t\t\t\t<div class=\"elementor-widget-container\">\n\t\t\t\t\t<h2 class=\"elementor-heading-title elementor-size-default\">CONTACTEZ<\/h2>\t\t\t\t<\/div>\n\t\t\t\t<\/div>\n\t\t\t\t<div class=\"elementor-element elementor-element-a529148 elementor-position-left elementor-view-default elementor-mobile-position-top elementor-widget elementor-widget-icon-box\" data-id=\"a529148\" data-element_type=\"widget\" data-widget_type=\"icon-box.default\">\n\t\t\t\t<div class=\"elementor-widget-container\">\n\t\t\t\t\t\t\t<div class=\"elementor-icon-box-wrapper\">\n\n\t\t\t\t\t\t<div class=\"elementor-icon-box-icon\">\n\t\t\t\t<a href=\"http:\/\/info@saberexpresarte.es\" target=\"_blank\" class=\"elementor-icon\" tabindex=\"-1\" aria-label=\"info@expresarte.es\">\n\t\t\t\t<i aria-hidden=\"true\" class=\"far fa-envelope\"><\/i>\t\t\t\t<\/a>\n\t\t\t<\/div>\n\t\t\t\n\t\t\t\t\t\t<div class=\"elementor-icon-box-content\">\n\n\t\t\t\t\t\t\t\t\t<h3 class=\"elementor-icon-box-title\">\n\t\t\t\t\t\t<a href=\"http:\/\/info@saberexpresarte.es\" target=\"_blank\" >\n\t\t\t\t\t\t\tinfo@expresarte.es\t\t\t\t\t\t<\/a>\n\t\t\t\t\t<\/h3>\n\t\t\t\t\n\t\t\t\t\n\t\t\t<\/div>\n\t\t\t\n\t\t<\/div>\n\t\t\t\t\t\t<\/div>\n\t\t\t\t<\/div>\n\t\t\t\t<div class=\"elementor-element elementor-element-b51e42f elementor-widget elementor-widget-heading\" data-id=\"b51e42f\" data-element_type=\"widget\" data-widget_type=\"heading.default\">\n\t\t\t\t<div class=\"elementor-widget-container\">\n\t\t\t\t\t<h2 class=\"elementor-heading-title elementor-size-default\">Des cours en ligne dans: <\/h2>\t\t\t\t<\/div>\n\t\t\t\t<\/div>\n\t\t\t\t<div class=\"elementor-element elementor-element-09e18a3 elementor-widget elementor-widget-text-editor\" data-id=\"09e18a3\" data-element_type=\"widget\" data-widget_type=\"text-editor.default\">\n\t\t\t\t<div class=\"elementor-widget-container\">\n\t\t\t\t\t\t\t\t\t<p><a href=\"https:\/\/www.saberexpresarte.es\/\">saberexpresarte.es\/<\/a><\/p>\t\t\t\t\t\t\t\t<\/div>\n\t\t\t\t<\/div>\n\t\t\t\t\t<\/div>\n\t\t<\/div>\n\t\t\t\t<div class=\"elementor-column elementor-col-33 elementor-top-column elementor-element elementor-element-71e1a59\" data-id=\"71e1a59\" data-element_type=\"column\">\n\t\t\t<div class=\"elementor-widget-wrap elementor-element-populated\">\n\t\t\t\t\t\t<div class=\"elementor-element elementor-element-ea80ed2 elementor-widget elementor-widget-heading\" data-id=\"ea80ed2\" data-element_type=\"widget\" data-widget_type=\"heading.default\">\n\t\t\t\t<div class=\"elementor-widget-container\">\n\t\t\t\t\t<h2 class=\"elementor-heading-title elementor-size-default\">R\u00c9SEAUX SOCIAUX\n<\/h2>\t\t\t\t<\/div>\n\t\t\t\t<\/div>\n\t\t\t\t<div class=\"elementor-element elementor-element-ab58586 elementor-shape-circle e-grid-align-left e-grid-align-mobile-center elementor-grid-0 elementor-widget elementor-widget-social-icons\" data-id=\"ab58586\" data-element_type=\"widget\" data-widget_type=\"social-icons.default\">\n\t\t\t\t<div class=\"elementor-widget-container\">\n\t\t\t\t\t\t\t<div class=\"elementor-social-icons-wrapper elementor-grid\" role=\"list\">\n\t\t\t\t\t\t\t<span class=\"elementor-grid-item\" role=\"listitem\">\n\t\t\t\t\t<a class=\"elementor-icon elementor-social-icon elementor-social-icon-facebook elementor-repeater-item-d9b1842\" href=\"https:\/\/es-es.facebook.com\/SaberExpresartees-175840149093522\/?filter=12\" target=\"_blank\">\n\t\t\t\t\t\t<span class=\"elementor-screen-only\">Facebook<\/span>\n\t\t\t\t\t\t<i class=\"fab fa-facebook\"><\/i>\t\t\t\t\t<\/a>\n\t\t\t\t<\/span>\n\t\t\t\t\t\t\t<span class=\"elementor-grid-item\" role=\"listitem\">\n\t\t\t\t\t<a class=\"elementor-icon elementor-social-icon elementor-social-icon-twitter elementor-repeater-item-83a5a3f\" href=\"https:\/\/twitter.com\/rouhetpascale\" target=\"_blank\">\n\t\t\t\t\t\t<span class=\"elementor-screen-only\">Twitter<\/span>\n\t\t\t\t\t\t<i class=\"fab fa-twitter\"><\/i>\t\t\t\t\t<\/a>\n\t\t\t\t<\/span>\n\t\t\t\t\t\t\t<span class=\"elementor-grid-item\" role=\"listitem\">\n\t\t\t\t\t<a class=\"elementor-icon elementor-social-icon elementor-social-icon-linkedin elementor-repeater-item-f4786cb\" href=\"https:\/\/www.linkedin.com\/authwall?trk=gf&#038;trkInfo=AQGpfVBtd7Z9WwAAAXRRCq_oTVYTADlDJQ8c7LXGS7SOw4yrVy17O_tww0ovP7T7Yoo63hGu6bi3lcA00KabsfYCyCdUwGz0j2aNA5PEfOmBY5pB5xAx2vXBirFFq3XaXCW6EDw=&#038;originalReferer=https:\/\/www.saberexpresarte.es\/&#038;sessionRedirect=https%3A%2F%2Fwww.linkedin.com%2Fin%2Fpascalebangrouhet%2F\" target=\"_blank\">\n\t\t\t\t\t\t<span class=\"elementor-screen-only\">Linkedin<\/span>\n\t\t\t\t\t\t<i class=\"fab fa-linkedin\"><\/i>\t\t\t\t\t<\/a>\n\t\t\t\t<\/span>\n\t\t\t\t\t\t\t<span class=\"elementor-grid-item\" role=\"listitem\">\n\t\t\t\t\t<a class=\"elementor-icon elementor-social-icon elementor-social-icon-youtube elementor-repeater-item-57c9941\" href=\"https:\/\/www.youtube.com\/channel\/UCf9xzYVZ1KsyeF1SUsMRa_w\" target=\"_blank\">\n\t\t\t\t\t\t<span class=\"elementor-screen-only\">Youtube<\/span>\n\t\t\t\t\t\t<i class=\"fab fa-youtube\"><\/i>\t\t\t\t\t<\/a>\n\t\t\t\t<\/span>\n\t\t\t\t\t<\/div>\n\t\t\t\t\t\t<\/div>\n\t\t\t\t<\/div>\n\t\t\t\t\t<\/div>\n\t\t<\/div>\n\t\t\t\t<div class=\"elementor-column elementor-col-33 elementor-top-column elementor-element elementor-element-991c5db\" data-id=\"991c5db\" data-element_type=\"column\">\n\t\t\t<div class=\"elementor-widget-wrap elementor-element-populated\">\n\t\t\t\t\t\t<div class=\"elementor-element elementor-element-864ab76 elementor-widget elementor-widget-heading\" data-id=\"864ab76\" data-element_type=\"widget\" data-widget_type=\"heading.default\">\n\t\t\t\t<div class=\"elementor-widget-container\">\n\t\t\t\t\t<h2 class=\"elementor-heading-title elementor-size-default\">JURIDIQUE<\/h2>\t\t\t\t<\/div>\n\t\t\t\t<\/div>\n\t\t\t\t<div class=\"elementor-element elementor-element-691184e elementor-widget elementor-widget-heading\" data-id=\"691184e\" data-element_type=\"widget\" data-widget_type=\"heading.default\">\n\t\t\t\t<div class=\"elementor-widget-container\">\n\t\t\t\t\t<h2 class=\"elementor-heading-title elementor-size-default\"><a href=\"https:\/\/www.expresarte.es\/fr\/aviso-legal\/\">Mentions l\u00e9gales\n<\/a><\/h2>\t\t\t\t<\/div>\n\t\t\t\t<\/div>\n\t\t\t\t<div class=\"elementor-element elementor-element-d7be727 elementor-widget elementor-widget-heading\" data-id=\"d7be727\" data-element_type=\"widget\" data-widget_type=\"heading.default\">\n\t\t\t\t<div class=\"elementor-widget-container\">\n\t\t\t\t\t<h2 class=\"elementor-heading-title elementor-size-default\"><a href=\"https:\/\/www.expresarte.es\/fr\/politica-de-privacidad\/\">Politique de confidentialit\u00e9\n<\/a><\/h2>\t\t\t\t<\/div>\n\t\t\t\t<\/div>\n\t\t\t\t<div class=\"elementor-element elementor-element-77578f9 elementor-widget elementor-widget-heading\" data-id=\"77578f9\" data-element_type=\"widget\" data-widget_type=\"heading.default\">\n\t\t\t\t<div class=\"elementor-widget-container\">\n\t\t\t\t\t<h2 class=\"elementor-heading-title elementor-size-default\"><a href=\"https:\/\/www.expresarte.es\/fr\/politica-de-cookies\/\">Politique en mati\u00e8re de cookies\n<\/a><\/h2>\t\t\t\t<\/div>\n\t\t\t\t<\/div>\n\t\t\t\t\t<\/div>\n\t\t<\/div>\n\t\t\t\t\t<\/div>\n\t\t<\/section>\n\t\t\t\t<section class=\"elementor-section elementor-top-section elementor-element elementor-element-fb877a3 elementor-section-full_width elementor-section-stretched elementor-section-height-default elementor-section-height-default\" data-id=\"fb877a3\" data-element_type=\"section\" data-settings=\"{&quot;stretch_section&quot;:&quot;section-stretched&quot;,&quot;background_background&quot;:&quot;classic&quot;}\">\n\t\t\t\t\t\t<div class=\"elementor-container elementor-column-gap-default\">\n\t\t\t\t\t<div class=\"elementor-column elementor-col-100 elementor-top-column elementor-element elementor-element-5120d21\" data-id=\"5120d21\" data-element_type=\"column\">\n\t\t\t<div class=\"elementor-widget-wrap elementor-element-populated\">\n\t\t\t\t\t\t<div class=\"elementor-element elementor-element-c9516ac elementor-widget elementor-widget-heading\" data-id=\"c9516ac\" data-element_type=\"widget\" data-widget_type=\"heading.default\">\n\t\t\t\t<div class=\"elementor-widget-container\">\n\t\t\t\t\t<p class=\"elementor-heading-title elementor-size-default\">Copyright \u00a9 2020 Expresarte | El Poder de la Palabra. Todos los derechos reservados.<\/p>\t\t\t\t<\/div>\n\t\t\t\t<\/div>\n\t\t\t\t\t<\/div>\n\t\t<\/div>\n\t\t\t\t\t<\/div>\n\t\t<\/section>\n\t\t\t\t<\/div>","protected":false},"excerpt":{"rendered":"<p>Pol\u00edtica de Cookies En cumplimiento con lo dispuesto en el art\u00edculo 22.2 de la Ley 34\/2002, de 11 de julio, de Servicios de la Sociedad de la Informaci\u00f3n y de Comercio Electr\u00f3nico, el Titular te informa que este sitio Web utiliza cookies, as\u00ed como sobre su pol\u00edtica de recogida y el tratamiento que hace de&hellip; <br \/> <a class=\"read-more\" href=\"https:\/\/www.expresarte.es\/fr\/politica-de-cookies\/\">Lire la suite<\/a><\/p>","protected":false},"author":2,"featured_media":0,"parent":0,"menu_order":0,"comment_status":"closed","ping_status":"closed","template":"","meta":{"footnotes":""},"class_list":["post-4455","page","type-page","status-publish","hentry"],"yoast_head":"<!-- This site is optimized with the Yoast SEO plugin v25.6 - https:\/\/yoast.com\/wordpress\/plugins\/seo\/ -->\n<title>POL\u00cdTICA DE COOKIES -<\/title>\n<meta name=\"robots\" content=\"index, follow, max-snippet:-1, max-image-preview:large, max-video-preview:-1\" \/>\n<link rel=\"canonical\" href=\"https:\/\/www.expresarte.es\/fr\/politica-de-cookies\/\" \/>\n<meta property=\"og:locale\" content=\"fr_FR\" \/>\n<meta property=\"og:type\" content=\"article\" \/>\n<meta property=\"og:title\" content=\"POL\u00cdTICA DE COOKIES -\" \/>\n<meta property=\"og:description\" content=\"Pol\u00edtica de Cookies En cumplimiento con lo dispuesto en el art\u00edculo 22.2 de la Ley 34\/2002, de 11 de julio, de Servicios de la Sociedad de la Informaci\u00f3n y de Comercio Electr\u00f3nico, el Titular te informa que este sitio Web utiliza cookies, as\u00ed como sobre su pol\u00edtica de recogida y el tratamiento que hace de&hellip; Lire la suite\" \/>\n<meta property=\"og:url\" content=\"https:\/\/www.expresarte.es\/fr\/politica-de-cookies\/\" \/>\n<meta property=\"article:modified_time\" content=\"2020-12-30T14:03:36+00:00\" \/>\n<meta name=\"twitter:card\" content=\"summary_large_image\" \/>\n<meta name=\"twitter:label1\" content=\"Dur\u00e9e de lecture estim\u00e9e\" \/>\n\t<meta name=\"twitter:data1\" content=\"3 minutes\" \/>\n<script type=\"application\/ld+json\" class=\"yoast-schema-graph\">{\"@context\":\"https:\/\/schema.org\",\"@graph\":[{\"@type\":\"WebPage\",\"@id\":\"https:\/\/www.expresarte.es\/politica-de-cookies\/\",\"url\":\"https:\/\/www.expresarte.es\/politica-de-cookies\/\",\"name\":\"POL\u00cdTICA DE COOKIES -\",\"isPartOf\":{\"@id\":\"https:\/\/www.expresarte.es\/#website\"},\"datePublished\":\"2020-09-09T21:04:30+00:00\",\"dateModified\":\"2020-12-30T14:03:36+00:00\",\"breadcrumb\":{\"@id\":\"https:\/\/www.expresarte.es\/politica-de-cookies\/#breadcrumb\"},\"inLanguage\":\"fr-FR\",\"potentialAction\":[{\"@type\":\"ReadAction\",\"target\":[\"https:\/\/www.expresarte.es\/politica-de-cookies\/\"]}]},{\"@type\":\"BreadcrumbList\",\"@id\":\"https:\/\/www.expresarte.es\/politica-de-cookies\/#breadcrumb\",\"itemListElement\":[{\"@type\":\"ListItem\",\"position\":1,\"name\":\"Portada\",\"item\":\"https:\/\/www.expresarte.es\/\"},{\"@type\":\"ListItem\",\"position\":2,\"name\":\"POL\u00cdTICA DE COOKIES\"}]},{\"@type\":\"WebSite\",\"@id\":\"https:\/\/www.expresarte.es\/#website\",\"url\":\"https:\/\/www.expresarte.es\/\",\"name\":\"\",\"description\":\"\",\"potentialAction\":[{\"@type\":\"SearchAction\",\"target\":{\"@type\":\"EntryPoint\",\"urlTemplate\":\"https:\/\/www.expresarte.es\/?s={search_term_string}\"},\"query-input\":{\"@type\":\"PropertyValueSpecification\",\"valueRequired\":true,\"valueName\":\"search_term_string\"}}],\"inLanguage\":\"fr-FR\"}]}<\/script>\n<!-- \/ Yoast SEO plugin. -->","yoast_head_json":{"title":"POL\u00cdTICA DE COOKIES -","robots":{"index":"index","follow":"follow","max-snippet":"max-snippet:-1","max-image-preview":"max-image-preview:large","max-video-preview":"max-video-preview:-1"},"canonical":"https:\/\/www.expresarte.es\/fr\/politica-de-cookies\/","og_locale":"fr_FR","og_type":"article","og_title":"POL\u00cdTICA DE COOKIES -","og_description":"Pol\u00edtica de Cookies En cumplimiento con lo dispuesto en el art\u00edculo 22.2 de la Ley 34\/2002, de 11 de julio, de Servicios de la Sociedad de la Informaci\u00f3n y de Comercio Electr\u00f3nico, el Titular te informa que este sitio Web utiliza cookies, as\u00ed como sobre su pol\u00edtica de recogida y el tratamiento que hace de&hellip; Lire la suite","og_url":"https:\/\/www.expresarte.es\/fr\/politica-de-cookies\/","article_modified_time":"2020-12-30T14:03:36+00:00","twitter_card":"summary_large_image","twitter_misc":{"Dur\u00e9e de lecture estim\u00e9e":"3 minutes"},"schema":{"@context":"https:\/\/schema.org","@graph":[{"@type":"WebPage","@id":"https:\/\/www.expresarte.es\/politica-de-cookies\/","url":"https:\/\/www.expresarte.es\/politica-de-cookies\/","name":"POL\u00cdTICA DE COOKIES -","isPartOf":{"@id":"https:\/\/www.expresarte.es\/#website"},"datePublished":"2020-09-09T21:04:30+00:00","dateModified":"2020-12-30T14:03:36+00:00","breadcrumb":{"@id":"https:\/\/www.expresarte.es\/politica-de-cookies\/#breadcrumb"},"inLanguage":"fr-FR","potentialAction":[{"@type":"ReadAction","target":["https:\/\/www.expresarte.es\/politica-de-cookies\/"]}]},{"@type":"BreadcrumbList","@id":"https:\/\/www.expresarte.es\/politica-de-cookies\/#breadcrumb","itemListElement":[{"@type":"ListItem","position":1,"name":"Portada","item":"https:\/\/www.expresarte.es\/"},{"@type":"ListItem","position":2,"name":"POL\u00cdTICA DE COOKIES"}]},{"@type":"WebSite","@id":"https:\/\/www.expresarte.es\/#website","url":"https:\/\/www.expresarte.es\/","name":"","description":"","potentialAction":[{"@type":"SearchAction","target":{"@type":"EntryPoint","urlTemplate":"https:\/\/www.expresarte.es\/?s={search_term_string}"},"query-input":{"@type":"PropertyValueSpecification","valueRequired":true,"valueName":"search_term_string"}}],"inLanguage":"fr-FR"}]}},"_links":{"self":[{"href":"https:\/\/www.expresarte.es\/fr\/wp-json\/wp\/v2\/pages\/4455","targetHints":{"allow":["GET"]}}],"collection":[{"href":"https:\/\/www.expresarte.es\/fr\/wp-json\/wp\/v2\/pages"}],"about":[{"href":"https:\/\/www.expresarte.es\/fr\/wp-json\/wp\/v2\/types\/page"}],"author":[{"embeddable":true,"href":"https:\/\/www.expresarte.es\/fr\/wp-json\/wp\/v2\/users\/2"}],"replies":[{"embeddable":true,"href":"https:\/\/www.expresarte.es\/fr\/wp-json\/wp\/v2\/comments?post=4455"}],"version-history":[{"count":0,"href":"https:\/\/www.expresarte.es\/fr\/wp-json\/wp\/v2\/pages\/4455\/revisions"}],"wp:attachment":[{"href":"https:\/\/www.expresarte.es\/fr\/wp-json\/wp\/v2\/media?parent=4455"}],"curies":[{"name":"wp","href":"https:\/\/api.w.org\/{rel}","templated":true}]}}