{"id":4438,"date":"2020-09-09T20:15:21","date_gmt":"2020-09-09T20:15:21","guid":{"rendered":"https:\/\/www.expresarte.es\/?page_id=4438"},"modified":"2020-12-30T18:00:04","modified_gmt":"2020-12-30T18:00:04","slug":"aviso-legal","status":"publish","type":"page","link":"https:\/\/www.expresarte.es\/fr\/aviso-legal\/","title":{"rendered":"Aviso Legal"},"content":{"rendered":"<div data-elementor-type=\"wp-page\" data-elementor-id=\"4438\" class=\"elementor elementor-4438\">\n\t\t\t\t\t\t<section class=\"elementor-section elementor-top-section elementor-element elementor-element-c598d47 elementor-section-full_width elementor-section-height-default elementor-section-height-default\" data-id=\"c598d47\" data-element_type=\"section\" data-settings=\"{&quot;background_background&quot;:&quot;classic&quot;}\">\n\t\t\t\t\t\t<div class=\"elementor-container elementor-column-gap-default\">\n\t\t\t\t\t<div class=\"elementor-column elementor-col-100 elementor-top-column elementor-element elementor-element-e8ba5bf\" data-id=\"e8ba5bf\" data-element_type=\"column\">\n\t\t\t<div class=\"elementor-widget-wrap elementor-element-populated\">\n\t\t\t\t\t\t<div class=\"elementor-element elementor-element-860f375 elementor-widget elementor-widget-heading\" data-id=\"860f375\" data-element_type=\"widget\" data-widget_type=\"heading.default\">\n\t\t\t\t<div class=\"elementor-widget-container\">\n\t\t\t\t\t<h1 class=\"elementor-heading-title elementor-size-default\">Mentions l\u00e9gales\n<\/h1>\t\t\t\t<\/div>\n\t\t\t\t<\/div>\n\t\t\t\t<div class=\"elementor-element elementor-element-1965f51 elementor-widget elementor-widget-text-editor\" data-id=\"1965f51\" data-element_type=\"widget\" data-widget_type=\"text-editor.default\">\n\t\t\t\t<div class=\"elementor-widget-container\">\n\t\t\t\t\t\t\t\t\t<p><strong>Identification et propri\u00e9t\u00e9<\/strong><br \/>Conform\u00e9ment \u00e0 l'article 10 de la loi 34\/2002 du 11 juillet, relative aux services de la soci\u00e9t\u00e9 de l'information et au commerce \u00e9lectronique, le Propri\u00e9taire expose ses donn\u00e9es d'identification.<\/p><ul><li>Propri\u00e9taire: Pascale Bang-Rouhet.<\/li><li>Num\u00e9ro de TVA: 82120528<\/li><li>Immatricul\u00e9e au registre du commerce de Madrid, volume 13.526, livre 0, section 8, feuille 161, page M-219834, inscription.<\/li><li>Adresse : \/, Madrid - Espagne.<\/li><li>Courrier \u00e9lectronique : info@expresarte.es<\/li><li>Site Web: <a href=\"https:\/\/www.saberexpresarte.es\">https:\/\/www.expresarte.es<\/a><\/li><\/ul><p><strong>Objet<\/strong><br \/>Le site <a href=\"https:\/\/www.saberexpresarte.es\">https:\/\/www.expresarte.es<\/a> a pour but de proposer des cours d'expression corporelle et verbale.<\/p><p><strong>Conditions d'utilisation<\/strong><br \/>L'utilisation du site Web vous conf\u00e8re la condition d'Utilisateur, et implique l'acceptation compl\u00e8te de toutes les clauses et conditions d'utilisation incluses dans les pages:<\/p><ul><li><a href=\"https:\/\/www.expresarte.es\/fr\/aviso-legal\/\">Aviso Legal<\/a><\/li><li><a href=\"https:\/\/www.expresarte.es\/fr\/politica-de-privacidad\/\">Pol\u00edtica de Privacidad<\/a><\/li><li><a href=\"https:\/\/www.expresarte.es\/fr\/politica-de-cookies\/\">Politique en mati\u00e8re de cookies<\/a><\/li><\/ul><p>Si vous n'\u00eates pas d'accord avec chacune de ces clauses et conditions, vous vous abstiendrez d'utiliser ce site Web.<\/p><p>L'acc\u00e8s \u00e0 ce site Web ne constitue en aucun cas le d\u00e9but d'une relation d'affaires avec Pascale Bang-Rouhet.<\/p><p>Par le biais de ce site Web, le Propri\u00e9taire vous permet d'acc\u00e9der et d'utiliser divers contenus que le Propri\u00e9taire ou ses collaborateurs ont publi\u00e9s sur Internet.<\/p><p>A cet effet, vous \u00eates tenu et vous vous engagez \u00e0 NE PAS utiliser les contenus du site Web \u00e0 des fins ou effets ill\u00e9gaux, interdits dans les pr\u00e9sentes mentions l\u00e9gales ou par la l\u00e9gislation en vigueur, pr\u00e9judiciables aux droits et int\u00e9r\u00eats de tiers, ou qui pourraient de quelque mani\u00e8re que ce soit endommager, d\u00e9sactiver, surcharger, d\u00e9t\u00e9riorer ou emp\u00eacher l'utilisation normale des contenus, des \u00e9quipements informatiques ou des documents, des fichiers et de tout type de contenu stock\u00e9 sur tout \u00e9quipement informatique appartenant ou contract\u00e9 par Pascale Bang-Rouhet, d'autres Utilisateurs ou tout internaute.<\/p><p><strong>Mesures de s\u00e9curit\u00e9<\/strong><br \/>Les donn\u00e9es personnelles que vous fournissez au Propri\u00e9taire peuvent \u00eatre stock\u00e9es dans des bases de donn\u00e9es automatis\u00e9es ou non, dont la propri\u00e9t\u00e9 correspond exclusivement \u00e0 Pascale Bang-Rouhet, qui assume toutes les mesures techniques, organisationnelles et de s\u00e9curit\u00e9 garantissant la confidentialit\u00e9, l'int\u00e9grit\u00e9 et la qualit\u00e9 des informations qui y sont contenues, conform\u00e9ment aux dispositions de la l\u00e9gislation en vigueur en mati\u00e8re de protection des donn\u00e9es<\/p><p>Cependant, vous devez \u00eatre conscient que les mesures de s\u00e9curit\u00e9 des syst\u00e8mes informatiques sur Internet ne sont pas enti\u00e8rement fiables et que, par cons\u00e9quent, le Propri\u00e9taire ne peut garantir l'absence de virus ou d'autres \u00e9l\u00e9ments susceptibles de provoquer des alt\u00e9rations dans les syst\u00e8mes informatiques (logiciels et mat\u00e9riels) de l'Utilisateur ou dans les documents \u00e9lectroniques et les fichiers qui y sont contenus, bien que le Propri\u00e9taire mette en \u0153uvre tous les moyens n\u00e9cessaires et prenne les mesures de s\u00e9curit\u00e9 appropri\u00e9es pour emp\u00eacher la pr\u00e9sence de ces \u00e9l\u00e9ments nuisibles.<\/p><p><strong>Donn\u00e9es \u00e0 caract\u00e8re personnel<\/strong><br \/>Vous pouvez consulter toutes les informations relatives au traitement des donn\u00e9es \u00e0 caract\u00e8re personnel collect\u00e9es par le Propri\u00e9taire sur la page <a href=\"https:\/\/www.expresarte.es\/fr\/politica-de-privacidad\/\">Pol\u00edtica de Privacidad<\/a>.<\/p><p><strong>Contenu<\/strong><br \/>Le Propri\u00e9taire a obtenu les informations, le contenu multim\u00e9dia et le mat\u00e9riel inclus dans le site Web aupr\u00e8s de sources qu'il consid\u00e8re fiables, mais bien qu'il ait pris toutes les mesures raisonnables pour s'assurer que les informations contenues sont correctes, le Propri\u00e9taire ne garantit pas qu'elles sont exactes, compl\u00e8tes ou \u00e0 jour. Pascale Bang-Rouhet d\u00e9cline express\u00e9ment toute responsabilit\u00e9 en cas d'erreurs ou d'omissions dans les informations contenues dans les pages de ce site.<\/p><p>Il est interdit de transmettre ou d'envoyer par l'interm\u00e9diaire du site Web tout contenu ill\u00e9gal ou illicite, tout virus informatique ou tout message qui, en g\u00e9n\u00e9ral, affecte ou viole les droits du Propri\u00e9taire ou de tiers.<\/p><p>Le contenu de <a href=\"https:\/\/www.saberexpresarte.es\">https:\/\/www.expresarte.es<\/a> fourni \u00e0 titre d'information uniquement et ne doit en aucun cas \u00eatre utilis\u00e9 ou consid\u00e9r\u00e9 comme une offre de vente, une demande d'offre d'achat ou une recommandation d'effectuer toute autre op\u00e9ration, sauf indication expresse.<\/p><p>Pascale Bang-Rouhet se r\u00e9serve le droit de modifier, suspendre, annuler ou restreindre le contenu de <a href=\"https:\/\/www.saberexpresarte.es\">https:\/\/www.expresarte.es<\/a>, les liens ou les informations obtenues par le biais du site, sans pr\u00e9avis.<\/p><p>Pascale Bang-Rouhet n'est pas responsable des dommages pouvant r\u00e9sulter de l'utilisation des informations du site ou des informations contenues dans les r\u00e9seaux sociaux du Propri\u00e9taire.<\/p><p><strong>Politique en mati\u00e8re de cookies<\/strong><br \/>Sur la page <a href=\"https:\/\/www.expresarte.es\/fr\/politica-de-cookies\/\">Politique en mati\u00e8re de cookies<\/a> , vous pouvez consulter toutes les informations relatives \u00e0 la politique de collecte et de traitement des cookies.<\/p><p><strong>Liens vers d'autres sites Web<\/strong><br \/>Le Propri\u00e9taire peut vous donner acc\u00e8s \u00e0 des sites Web de tiers par le biais de liens dans le seul but de vous informer de l'existence d'autres sources d'information sur Internet o\u00f9 vous pouvez \u00e9largir les donn\u00e9es propos\u00e9es sur le site Web.<\/p><p>Ces liens vers d'autres sites Web ne constituent en aucun cas une suggestion ou une recommandation de visiter les sites Web de destination, qui \u00e9chappent au contr\u00f4le du Propri\u00e9taire. Pascale Bang-Rouhet n'est donc pas responsable du contenu des sites Web li\u00e9s ou des r\u00e9sultats que vous obtenez en suivant les liens.<\/p><p>En outre, Pascale Bang-Rouhet n'est pas responsable des liens ou r\u00e9f\u00e9rences plac\u00e9s sur les sites Web auxquels l\u2019acc\u00e8s est donn\u00e9.<\/p><p>L'\u00e9tablissement du lien n'implique en aucun cas l'existence d'une relation entre Pascale Bang-Rouhet et le propri\u00e9taire du site o\u00f9 le lien est \u00e9tabli, ni l'acceptation ou l'approbation par le Propri\u00e9taire de ses contenus ou services.<\/p><p>Si vous acc\u00e9dez \u00e0 un site Web externe \u00e0 partir d'un lien trouv\u00e9 sur <a href=\"https:\/\/www.saberexpresarte.es\">https:\/\/www.expresarte.es<\/a> , vous devez lire la politique de confidentialit\u00e9 de l'autre site Web, qui peut \u00eatre diff\u00e9rente de celle de ce site.<\/p><p><strong>Propri\u00e9t\u00e9 intellectuelle et industrielle<\/strong><br \/>Tous droits r\u00e9serv\u00e9s.<\/p><p>Tout acc\u00e8s \u00e0 ce site est soumis aux conditions suivantes : la reproduction, le stockage permanent et la diffusion du contenu ou toute autre utilisation \u00e0 des fins publiques ou commerciales est express\u00e9ment interdite sans l'accord \u00e9crit pr\u00e9alable de Pascale Bang-Rouhet.<\/p><p><strong>Limitation de la responsabilit\u00e9<\/strong><br \/>Pascale Bang-Rouhet d\u00e9cline toute responsabilit\u00e9 en cas d'interruption ou de dysfonctionnement des Services ou contenus propos\u00e9s sur Internet, quelle qu'en soit la cause. En outre, le Propri\u00e9taire n'est pas responsable des d\u00e9faillances du r\u00e9seau, des pertes d'exploitation r\u00e9sultant de ces d\u00e9faillances, des suspensions temporaires d'\u00e9lectricit\u00e9 ou de tout autre type de dommage indirect pouvant \u00eatre caus\u00e9 par des causes ind\u00e9pendantes de sa volont\u00e9.<\/p><p>Avant de prendre des d\u00e9cisions et\/ou des mesures sur la base des informations contenues dans le site Web, le Propri\u00e9taire vous recommande de v\u00e9rifier et de comparer les informations re\u00e7ues avec d'autres sources.<\/p><p><strong>Juridiction<\/strong><br \/>Les pr\u00e9sentes mentions l\u00e9gales sont enti\u00e8rement r\u00e9gies par le droit espagnol.<\/p><p><strong>CONTACTEZ<\/strong><br \/>Si vous avez des questions sur ces conditions juridiques ou si vous souhaitez faire des commentaires sur ce site Web, vous pouvez envoyer un courriel \u00e0 info@expresarte.es.<\/p>\t\t\t\t\t\t\t\t<\/div>\n\t\t\t\t<\/div>\n\t\t\t\t\t<\/div>\n\t\t<\/div>\n\t\t\t\t\t<\/div>\n\t\t<\/section>\n\t\t\t\t<section class=\"elementor-section elementor-top-section elementor-element elementor-element-bf1bf90 elementor-section-stretched elementor-section-boxed elementor-section-height-default elementor-section-height-default\" data-id=\"bf1bf90\" data-element_type=\"section\" data-settings=\"{&quot;stretch_section&quot;:&quot;section-stretched&quot;,&quot;background_background&quot;:&quot;classic&quot;}\">\n\t\t\t\t\t\t<div class=\"elementor-container elementor-column-gap-default\">\n\t\t\t\t\t<div class=\"elementor-column elementor-col-33 elementor-top-column elementor-element elementor-element-90661a1\" data-id=\"90661a1\" data-element_type=\"column\">\n\t\t\t<div class=\"elementor-widget-wrap elementor-element-populated\">\n\t\t\t\t\t\t<div class=\"elementor-element elementor-element-65cf349 elementor-widget elementor-widget-heading\" data-id=\"65cf349\" data-element_type=\"widget\" data-widget_type=\"heading.default\">\n\t\t\t\t<div class=\"elementor-widget-container\">\n\t\t\t\t\t<h2 class=\"elementor-heading-title elementor-size-default\">CONTACTEZ<\/h2>\t\t\t\t<\/div>\n\t\t\t\t<\/div>\n\t\t\t\t<div class=\"elementor-element elementor-element-857d44e elementor-position-left elementor-view-default elementor-mobile-position-top elementor-widget elementor-widget-icon-box\" data-id=\"857d44e\" data-element_type=\"widget\" data-widget_type=\"icon-box.default\">\n\t\t\t\t<div class=\"elementor-widget-container\">\n\t\t\t\t\t\t\t<div class=\"elementor-icon-box-wrapper\">\n\n\t\t\t\t\t\t<div class=\"elementor-icon-box-icon\">\n\t\t\t\t<a href=\"http:\/\/info@saberexpresarte.es\" target=\"_blank\" class=\"elementor-icon\" tabindex=\"-1\" aria-label=\"info@expresarte.es\">\n\t\t\t\t<i aria-hidden=\"true\" class=\"far fa-envelope\"><\/i>\t\t\t\t<\/a>\n\t\t\t<\/div>\n\t\t\t\n\t\t\t\t\t\t<div class=\"elementor-icon-box-content\">\n\n\t\t\t\t\t\t\t\t\t<h3 class=\"elementor-icon-box-title\">\n\t\t\t\t\t\t<a href=\"http:\/\/info@saberexpresarte.es\" target=\"_blank\" >\n\t\t\t\t\t\t\tinfo@expresarte.es\t\t\t\t\t\t<\/a>\n\t\t\t\t\t<\/h3>\n\t\t\t\t\n\t\t\t\t\n\t\t\t<\/div>\n\t\t\t\n\t\t<\/div>\n\t\t\t\t\t\t<\/div>\n\t\t\t\t<\/div>\n\t\t\t\t<div class=\"elementor-element elementor-element-6697bb0 elementor-widget elementor-widget-heading\" data-id=\"6697bb0\" data-element_type=\"widget\" data-widget_type=\"heading.default\">\n\t\t\t\t<div class=\"elementor-widget-container\">\n\t\t\t\t\t<h2 class=\"elementor-heading-title elementor-size-default\">Des cours en ligne dans: <\/h2>\t\t\t\t<\/div>\n\t\t\t\t<\/div>\n\t\t\t\t<div class=\"elementor-element elementor-element-a20ad28 elementor-widget elementor-widget-text-editor\" data-id=\"a20ad28\" data-element_type=\"widget\" data-widget_type=\"text-editor.default\">\n\t\t\t\t<div class=\"elementor-widget-container\">\n\t\t\t\t\t\t\t\t\t<p><a href=\"https:\/\/www.saberexpresarte.es\/\">saberexpresarte.es\/<\/a><\/p>\t\t\t\t\t\t\t\t<\/div>\n\t\t\t\t<\/div>\n\t\t\t\t\t<\/div>\n\t\t<\/div>\n\t\t\t\t<div class=\"elementor-column elementor-col-33 elementor-top-column elementor-element elementor-element-e8facc5\" data-id=\"e8facc5\" data-element_type=\"column\">\n\t\t\t<div class=\"elementor-widget-wrap elementor-element-populated\">\n\t\t\t\t\t\t<div class=\"elementor-element elementor-element-ffa2df6 elementor-widget elementor-widget-heading\" data-id=\"ffa2df6\" data-element_type=\"widget\" data-widget_type=\"heading.default\">\n\t\t\t\t<div class=\"elementor-widget-container\">\n\t\t\t\t\t<h2 class=\"elementor-heading-title elementor-size-default\">R\u00c9SEAUX SOCIAUX\n<\/h2>\t\t\t\t<\/div>\n\t\t\t\t<\/div>\n\t\t\t\t<div class=\"elementor-element elementor-element-2184486 elementor-shape-circle e-grid-align-left e-grid-align-mobile-center elementor-grid-0 elementor-widget elementor-widget-social-icons\" data-id=\"2184486\" data-element_type=\"widget\" data-widget_type=\"social-icons.default\">\n\t\t\t\t<div class=\"elementor-widget-container\">\n\t\t\t\t\t\t\t<div class=\"elementor-social-icons-wrapper elementor-grid\" role=\"list\">\n\t\t\t\t\t\t\t<span class=\"elementor-grid-item\" role=\"listitem\">\n\t\t\t\t\t<a class=\"elementor-icon elementor-social-icon elementor-social-icon-facebook elementor-repeater-item-d9b1842\" href=\"https:\/\/es-es.facebook.com\/SaberExpresartees-175840149093522\/?filter=12\" target=\"_blank\">\n\t\t\t\t\t\t<span class=\"elementor-screen-only\">Facebook<\/span>\n\t\t\t\t\t\t<i class=\"fab fa-facebook\"><\/i>\t\t\t\t\t<\/a>\n\t\t\t\t<\/span>\n\t\t\t\t\t\t\t<span class=\"elementor-grid-item\" role=\"listitem\">\n\t\t\t\t\t<a class=\"elementor-icon elementor-social-icon elementor-social-icon-twitter elementor-repeater-item-83a5a3f\" href=\"https:\/\/twitter.com\/rouhetpascale\" target=\"_blank\">\n\t\t\t\t\t\t<span class=\"elementor-screen-only\">Twitter<\/span>\n\t\t\t\t\t\t<i class=\"fab fa-twitter\"><\/i>\t\t\t\t\t<\/a>\n\t\t\t\t<\/span>\n\t\t\t\t\t\t\t<span class=\"elementor-grid-item\" role=\"listitem\">\n\t\t\t\t\t<a class=\"elementor-icon elementor-social-icon elementor-social-icon-linkedin elementor-repeater-item-f4786cb\" href=\"https:\/\/www.linkedin.com\/authwall?trk=gf&#038;trkInfo=AQGpfVBtd7Z9WwAAAXRRCq_oTVYTADlDJQ8c7LXGS7SOw4yrVy17O_tww0ovP7T7Yoo63hGu6bi3lcA00KabsfYCyCdUwGz0j2aNA5PEfOmBY5pB5xAx2vXBirFFq3XaXCW6EDw=&#038;originalReferer=https:\/\/www.saberexpresarte.es\/&#038;sessionRedirect=https%3A%2F%2Fwww.linkedin.com%2Fin%2Fpascalebangrouhet%2F\" target=\"_blank\">\n\t\t\t\t\t\t<span class=\"elementor-screen-only\">Linkedin<\/span>\n\t\t\t\t\t\t<i class=\"fab fa-linkedin\"><\/i>\t\t\t\t\t<\/a>\n\t\t\t\t<\/span>\n\t\t\t\t\t\t\t<span class=\"elementor-grid-item\" role=\"listitem\">\n\t\t\t\t\t<a class=\"elementor-icon elementor-social-icon elementor-social-icon-youtube elementor-repeater-item-57c9941\" href=\"https:\/\/www.youtube.com\/channel\/UCf9xzYVZ1KsyeF1SUsMRa_w\" target=\"_blank\">\n\t\t\t\t\t\t<span class=\"elementor-screen-only\">Youtube<\/span>\n\t\t\t\t\t\t<i class=\"fab fa-youtube\"><\/i>\t\t\t\t\t<\/a>\n\t\t\t\t<\/span>\n\t\t\t\t\t<\/div>\n\t\t\t\t\t\t<\/div>\n\t\t\t\t<\/div>\n\t\t\t\t\t<\/div>\n\t\t<\/div>\n\t\t\t\t<div class=\"elementor-column elementor-col-33 elementor-top-column elementor-element elementor-element-c92c022\" data-id=\"c92c022\" data-element_type=\"column\">\n\t\t\t<div class=\"elementor-widget-wrap elementor-element-populated\">\n\t\t\t\t\t\t<div class=\"elementor-element elementor-element-188cdde elementor-widget elementor-widget-heading\" data-id=\"188cdde\" data-element_type=\"widget\" data-widget_type=\"heading.default\">\n\t\t\t\t<div class=\"elementor-widget-container\">\n\t\t\t\t\t<h2 class=\"elementor-heading-title elementor-size-default\">JURIDIQUE<\/h2>\t\t\t\t<\/div>\n\t\t\t\t<\/div>\n\t\t\t\t<div class=\"elementor-element elementor-element-7cf5f35 elementor-widget elementor-widget-heading\" data-id=\"7cf5f35\" data-element_type=\"widget\" data-widget_type=\"heading.default\">\n\t\t\t\t<div class=\"elementor-widget-container\">\n\t\t\t\t\t<h2 class=\"elementor-heading-title elementor-size-default\"><a href=\"https:\/\/www.expresarte.es\/fr\/aviso-legal\/\">Mentions l\u00e9gales\n<\/a><\/h2>\t\t\t\t<\/div>\n\t\t\t\t<\/div>\n\t\t\t\t<div class=\"elementor-element elementor-element-f4eb232 elementor-widget elementor-widget-heading\" data-id=\"f4eb232\" data-element_type=\"widget\" data-widget_type=\"heading.default\">\n\t\t\t\t<div class=\"elementor-widget-container\">\n\t\t\t\t\t<h2 class=\"elementor-heading-title elementor-size-default\"><a href=\"https:\/\/www.expresarte.es\/fr\/politica-de-privacidad\/\">Politique de confidentialit\u00e9\n<\/a><\/h2>\t\t\t\t<\/div>\n\t\t\t\t<\/div>\n\t\t\t\t<div class=\"elementor-element elementor-element-5c4d99a elementor-widget elementor-widget-heading\" data-id=\"5c4d99a\" data-element_type=\"widget\" data-widget_type=\"heading.default\">\n\t\t\t\t<div class=\"elementor-widget-container\">\n\t\t\t\t\t<h2 class=\"elementor-heading-title elementor-size-default\"><a href=\"https:\/\/www.expresarte.es\/fr\/politica-de-cookies\/\">Politique en mati\u00e8re de cookies\n<\/a><\/h2>\t\t\t\t<\/div>\n\t\t\t\t<\/div>\n\t\t\t\t\t<\/div>\n\t\t<\/div>\n\t\t\t\t\t<\/div>\n\t\t<\/section>\n\t\t\t\t<section class=\"elementor-section elementor-top-section elementor-element elementor-element-01b1cb6 elementor-section-full_width elementor-section-stretched elementor-section-height-default elementor-section-height-default\" data-id=\"01b1cb6\" data-element_type=\"section\" data-settings=\"{&quot;stretch_section&quot;:&quot;section-stretched&quot;,&quot;background_background&quot;:&quot;classic&quot;}\">\n\t\t\t\t\t\t<div class=\"elementor-container elementor-column-gap-default\">\n\t\t\t\t\t<div class=\"elementor-column elementor-col-100 elementor-top-column elementor-element elementor-element-96aaa21\" data-id=\"96aaa21\" data-element_type=\"column\">\n\t\t\t<div class=\"elementor-widget-wrap elementor-element-populated\">\n\t\t\t\t\t\t<div class=\"elementor-element elementor-element-54f2cb8 elementor-widget elementor-widget-heading\" data-id=\"54f2cb8\" data-element_type=\"widget\" data-widget_type=\"heading.default\">\n\t\t\t\t<div class=\"elementor-widget-container\">\n\t\t\t\t\t<h2 class=\"elementor-heading-title elementor-size-default\">Copyright \u00a9 2020 Expresarte | El Poder de la Palabra. Todos los derechos reservados.<\/h2>\t\t\t\t<\/div>\n\t\t\t\t<\/div>\n\t\t\t\t\t<\/div>\n\t\t<\/div>\n\t\t\t\t\t<\/div>\n\t\t<\/section>\n\t\t\t\t<\/div>","protected":false},"excerpt":{"rendered":"<p>Aviso legal Identificaci\u00f3n y TitularidadEn cumplimiento del art\u00edculo 10 de la Ley 34\/2002, de 11 de julio, de Servicios de la Sociedad de la Informaci\u00f3n y Comercio Electr\u00f3nico, el Titular expone sus datos identificativos. Titular: Pascale Bang-Rouhet. NIF: 82120528 Inscrita en el registro mercantil de Madrid, tomo 13.526, libro 0, secci\u00f3n 8, folio 161, hoja&hellip; <br \/> <a class=\"read-more\" href=\"https:\/\/www.expresarte.es\/fr\/aviso-legal\/\">Lire la suite<\/a><\/p>","protected":false},"author":2,"featured_media":0,"parent":0,"menu_order":0,"comment_status":"closed","ping_status":"closed","template":"","meta":{"footnotes":""},"class_list":["post-4438","page","type-page","status-publish","hentry"],"yoast_head":"<!-- This site is optimized with the Yoast SEO plugin v25.6 - https:\/\/yoast.com\/wordpress\/plugins\/seo\/ -->\n<title>Aviso Legal -<\/title>\n<meta name=\"robots\" content=\"index, follow, max-snippet:-1, max-image-preview:large, max-video-preview:-1\" \/>\n<link rel=\"canonical\" href=\"https:\/\/www.expresarte.es\/fr\/aviso-legal\/\" \/>\n<meta property=\"og:locale\" content=\"fr_FR\" \/>\n<meta property=\"og:type\" content=\"article\" \/>\n<meta property=\"og:title\" content=\"Aviso Legal -\" \/>\n<meta property=\"og:description\" content=\"Aviso legal Identificaci\u00f3n y TitularidadEn cumplimiento del art\u00edculo 10 de la Ley 34\/2002, de 11 de julio, de Servicios de la Sociedad de la Informaci\u00f3n y Comercio Electr\u00f3nico, el Titular expone sus datos identificativos. Titular: Pascale Bang-Rouhet. NIF: 82120528 Inscrita en el registro mercantil de Madrid, tomo 13.526, libro 0, secci\u00f3n 8, folio 161, hoja&hellip; Lire la suite\" \/>\n<meta property=\"og:url\" content=\"https:\/\/www.expresarte.es\/fr\/aviso-legal\/\" \/>\n<meta property=\"article:modified_time\" content=\"2020-12-30T18:00:04+00:00\" \/>\n<meta name=\"twitter:card\" content=\"summary_large_image\" \/>\n<meta name=\"twitter:label1\" content=\"Dur\u00e9e de lecture estim\u00e9e\" \/>\n\t<meta name=\"twitter:data1\" content=\"6 minutes\" \/>\n<script type=\"application\/ld+json\" class=\"yoast-schema-graph\">{\"@context\":\"https:\/\/schema.org\",\"@graph\":[{\"@type\":\"WebPage\",\"@id\":\"https:\/\/www.expresarte.es\/aviso-legal\/\",\"url\":\"https:\/\/www.expresarte.es\/aviso-legal\/\",\"name\":\"Aviso Legal -\",\"isPartOf\":{\"@id\":\"https:\/\/www.expresarte.es\/#website\"},\"datePublished\":\"2020-09-09T20:15:21+00:00\",\"dateModified\":\"2020-12-30T18:00:04+00:00\",\"breadcrumb\":{\"@id\":\"https:\/\/www.expresarte.es\/aviso-legal\/#breadcrumb\"},\"inLanguage\":\"fr-FR\",\"potentialAction\":[{\"@type\":\"ReadAction\",\"target\":[\"https:\/\/www.expresarte.es\/aviso-legal\/\"]}]},{\"@type\":\"BreadcrumbList\",\"@id\":\"https:\/\/www.expresarte.es\/aviso-legal\/#breadcrumb\",\"itemListElement\":[{\"@type\":\"ListItem\",\"position\":1,\"name\":\"Portada\",\"item\":\"https:\/\/www.expresarte.es\/\"},{\"@type\":\"ListItem\",\"position\":2,\"name\":\"Aviso Legal\"}]},{\"@type\":\"WebSite\",\"@id\":\"https:\/\/www.expresarte.es\/#website\",\"url\":\"https:\/\/www.expresarte.es\/\",\"name\":\"\",\"description\":\"\",\"potentialAction\":[{\"@type\":\"SearchAction\",\"target\":{\"@type\":\"EntryPoint\",\"urlTemplate\":\"https:\/\/www.expresarte.es\/?s={search_term_string}\"},\"query-input\":{\"@type\":\"PropertyValueSpecification\",\"valueRequired\":true,\"valueName\":\"search_term_string\"}}],\"inLanguage\":\"fr-FR\"}]}<\/script>\n<!-- \/ Yoast SEO plugin. -->","yoast_head_json":{"title":"Aviso Legal -","robots":{"index":"index","follow":"follow","max-snippet":"max-snippet:-1","max-image-preview":"max-image-preview:large","max-video-preview":"max-video-preview:-1"},"canonical":"https:\/\/www.expresarte.es\/fr\/aviso-legal\/","og_locale":"fr_FR","og_type":"article","og_title":"Aviso Legal -","og_description":"Aviso legal Identificaci\u00f3n y TitularidadEn cumplimiento del art\u00edculo 10 de la Ley 34\/2002, de 11 de julio, de Servicios de la Sociedad de la Informaci\u00f3n y Comercio Electr\u00f3nico, el Titular expone sus datos identificativos. Titular: Pascale Bang-Rouhet. NIF: 82120528 Inscrita en el registro mercantil de Madrid, tomo 13.526, libro 0, secci\u00f3n 8, folio 161, hoja&hellip; Lire la suite","og_url":"https:\/\/www.expresarte.es\/fr\/aviso-legal\/","article_modified_time":"2020-12-30T18:00:04+00:00","twitter_card":"summary_large_image","twitter_misc":{"Dur\u00e9e de lecture estim\u00e9e":"6 minutes"},"schema":{"@context":"https:\/\/schema.org","@graph":[{"@type":"WebPage","@id":"https:\/\/www.expresarte.es\/aviso-legal\/","url":"https:\/\/www.expresarte.es\/aviso-legal\/","name":"Aviso Legal -","isPartOf":{"@id":"https:\/\/www.expresarte.es\/#website"},"datePublished":"2020-09-09T20:15:21+00:00","dateModified":"2020-12-30T18:00:04+00:00","breadcrumb":{"@id":"https:\/\/www.expresarte.es\/aviso-legal\/#breadcrumb"},"inLanguage":"fr-FR","potentialAction":[{"@type":"ReadAction","target":["https:\/\/www.expresarte.es\/aviso-legal\/"]}]},{"@type":"BreadcrumbList","@id":"https:\/\/www.expresarte.es\/aviso-legal\/#breadcrumb","itemListElement":[{"@type":"ListItem","position":1,"name":"Portada","item":"https:\/\/www.expresarte.es\/"},{"@type":"ListItem","position":2,"name":"Aviso Legal"}]},{"@type":"WebSite","@id":"https:\/\/www.expresarte.es\/#website","url":"https:\/\/www.expresarte.es\/","name":"","description":"","potentialAction":[{"@type":"SearchAction","target":{"@type":"EntryPoint","urlTemplate":"https:\/\/www.expresarte.es\/?s={search_term_string}"},"query-input":{"@type":"PropertyValueSpecification","valueRequired":true,"valueName":"search_term_string"}}],"inLanguage":"fr-FR"}]}},"_links":{"self":[{"href":"https:\/\/www.expresarte.es\/fr\/wp-json\/wp\/v2\/pages\/4438","targetHints":{"allow":["GET"]}}],"collection":[{"href":"https:\/\/www.expresarte.es\/fr\/wp-json\/wp\/v2\/pages"}],"about":[{"href":"https:\/\/www.expresarte.es\/fr\/wp-json\/wp\/v2\/types\/page"}],"author":[{"embeddable":true,"href":"https:\/\/www.expresarte.es\/fr\/wp-json\/wp\/v2\/users\/2"}],"replies":[{"embeddable":true,"href":"https:\/\/www.expresarte.es\/fr\/wp-json\/wp\/v2\/comments?post=4438"}],"version-history":[{"count":0,"href":"https:\/\/www.expresarte.es\/fr\/wp-json\/wp\/v2\/pages\/4438\/revisions"}],"wp:attachment":[{"href":"https:\/\/www.expresarte.es\/fr\/wp-json\/wp\/v2\/media?parent=4438"}],"curies":[{"name":"wp","href":"https:\/\/api.w.org\/{rel}","templated":true}]}}